{"id":1619,"date":"2023-08-21T11:51:32","date_gmt":"2023-08-21T09:51:32","guid":{"rendered":"https:\/\/azulymenta.com\/?page_id=1619"},"modified":"2023-08-29T12:26:47","modified_gmt":"2023-08-29T10:26:47","slug":"legal-notice","status":"publish","type":"page","link":"https:\/\/azulymenta.com\/en\/aviso-legal\/","title":{"rendered":"Legal Notice"},"content":{"rendered":"<div data-elementor-type=\"wp-page\" data-elementor-id=\"1619\" class=\"elementor elementor-1619\" data-elementor-post-type=\"page\">\n\t\t\t\t\t\t<section class=\"elementor-section elementor-top-section elementor-element elementor-element-fbd3720 elementor-section-content-top elementor-section-boxed elementor-section-height-default elementor-section-height-default\" data-id=\"fbd3720\" data-element_type=\"section\" data-e-type=\"section\" data-settings=\"{&quot;background_background&quot;:&quot;classic&quot;}\">\n\t\t\t\t\t\t\t<div class=\"elementor-background-overlay\"><\/div>\n\t\t\t\t\t\t\t<div class=\"elementor-container elementor-column-gap-no\">\n\t\t\t\t\t<div class=\"elementor-column elementor-col-100 elementor-top-column elementor-element elementor-element-941935a\" data-id=\"941935a\" data-element_type=\"column\" data-e-type=\"column\">\n\t\t\t<div class=\"elementor-widget-wrap elementor-element-populated\">\n\t\t\t\t\t\t<div class=\"elementor-element elementor-element-814841d elementor-widget elementor-widget-heading\" data-id=\"814841d\" data-element_type=\"widget\" data-e-type=\"widget\" data-widget_type=\"heading.default\">\n\t\t\t\t<div class=\"elementor-widget-container\">\n\t\t\t\t\t<h2 class=\"elementor-heading-title elementor-size-default\">Legal Notice<\/h2>\t\t\t\t<\/div>\n\t\t\t\t<\/div>\n\t\t\t\t<div class=\"elementor-element elementor-element-c327ffa elementor-widget__width-initial elementor-widget elementor-widget-text-editor\" data-id=\"c327ffa\" data-element_type=\"widget\" data-e-type=\"widget\" data-widget_type=\"text-editor.default\">\n\t\t\t\t<div class=\"elementor-widget-container\">\n\t\t\t\t\t\t\t\t\t<p>This LEGAL NOTICE regulates the rights and obligations of azulymenta.com and of the users, in relation to access, browsing and use of this website, without prejudice to the fact that https:\/\/azulymenta.com\/se reserves the right to modify, without prior notice, its content, with those published at the time of browsing being in force.<br>By browsing, viewing and using this website you acquire the status of user, and therefore implies your express acceptance of all the clauses indicated in this Legal Notice, as well as the other warnings or specific clauses that are established in the different sections for the contracting, use of services, products, registrations, or sections of the Page.<br>Therefore, if you do not accept the clauses set out in this Legal Notice, you must refrain from accessing and\/or using the services and\/or contents made available to you on the Site, and you must leave the Site.<br>azulymenta.com will be able to terminate, suspend or interrupt, at any time without prior warning, access to the contents of the page, without the possibility of the user being able to demand any compensation whatsoever. However, in the case of closure of the platform, we will try to refund any payment that has been made for annual subscriptions that have not been completed.<\/p>\n<p><br><b>Personal and fiscal information of the person responsible for the website<\/b><br>Identity of the person responsible: Jos\u00e9 Ram\u00f3n Aso Morales<br>VAT NO: 17731148B<br>Trade name: Blue and Mint<br>Telephone: 666092332<br>E-mail: azulymentascrap3@gmail.com<br>Website name: https:\/\/azulymenta.com\/<br>Form of income:<br>The ** azulymenta.com ** website is a corporate website that does not generate income online.<\/p>\n<p><b>Available products<\/b><br>- Beautiful Letters<br>- Personalised Frames<br>- Creative Cardboard<br>- Inspirational Paintings<br>- Photo albums<br>- Charming chest of drawers<\/p>\n<p><b>Terms of use<\/b><br>If you browse this website you tacitly accept the terms of use and privacy terms, as well as declaring that you have read the legal notice.<br>Neither this website nor its legal representatives are responsible for the content or the veracity of the privacy policies that third party services outside this website may have.<br>Copying or transcribing all or part of any text from this website for any use is expressly prohibited. The texts on this website are meant to be read only, please refrain from using them for any other purpose.<br>Copying or downloading of images from this website is expressly prohibited.<br>Hotlinking of images from this website is not permitted.<br>It is permitted to copy and use the HTML structures and CSS styles used in this website, as long as it is only partially and never the whole of the format, generating a website identical to this one.<br>In the event of non-compliance with these conditions, we may be obliged to take appropriate legal action.<\/p>\t\t\t\t\t\t\t\t<\/div>\n\t\t\t\t<\/div>\n\t\t\t\t\t<\/div>\n\t\t<\/div>\n\t\t\t\t\t<\/div>\n\t\t<\/section>\n\t\t\t\t<\/div>","protected":false},"excerpt":{"rendered":"<p>Aviso Legal El presente AVISO LEGAL regula los derechos y obligaciones del azulymenta.com y de los usuarios, en relaci\u00f3n al acceso, navegaci\u00f3n y utilizaci\u00f3n de la presente web sin perjuicio de que https:\/\/azulymenta.com\/se reserve el derecho a modificar, sin previo aviso, su contenido, siendo vigentes las que se encuentren publicadas en el momento de navegaci\u00f3n.Mediante [&hellip;]<\/p>\n","protected":false},"author":1,"featured_media":0,"parent":0,"menu_order":0,"comment_status":"closed","ping_status":"closed","template":"","meta":{"site-sidebar-layout":"no-sidebar","site-content-layout":"page-builder","ast-site-content-layout":"default","site-content-style":"default","site-sidebar-style":"default","ast-global-header-display":"","ast-banner-title-visibility":"","ast-main-header-display":"","ast-hfb-above-header-display":"","ast-hfb-below-header-display":"","ast-hfb-mobile-header-display":"","site-post-title":"disabled","ast-breadcrumbs-content":"","ast-featured-img":"disabled","footer-sml-layout":"","ast-disable-related-posts":"","theme-transparent-header-meta":"","adv-header-id-meta":"","stick-header-meta":"","header-above-stick-meta":"","header-main-stick-meta":"","header-below-stick-meta":"","astra-migrate-meta-layouts":"default","ast-page-background-enabled":"default","ast-page-background-meta":{"desktop":{"background-color":"","background-image":"","background-repeat":"repeat","background-position":"center center","background-size":"auto","background-attachment":"scroll","background-type":"","background-media":"","overlay-type":"","overlay-color":"","overlay-opacity":"","overlay-gradient":""},"tablet":{"background-color":"","background-image":"","background-repeat":"repeat","background-position":"center center","background-size":"auto","background-attachment":"scroll","background-type":"","background-media":"","overlay-type":"","overlay-color":"","overlay-opacity":"","overlay-gradient":""},"mobile":{"background-color":"","background-image":"","background-repeat":"repeat","background-position":"center center","background-size":"auto","background-attachment":"scroll","background-type":"","background-media":"","overlay-type":"","overlay-color":"","overlay-opacity":"","overlay-gradient":""}},"ast-content-background-meta":{"desktop":{"background-color":"var(--ast-global-color-5)","background-image":"","background-repeat":"repeat","background-position":"center center","background-size":"auto","background-attachment":"scroll","background-type":"","background-media":"","overlay-type":"","overlay-color":"","overlay-opacity":"","overlay-gradient":""},"tablet":{"background-color":"var(--ast-global-color-5)","background-image":"","background-repeat":"repeat","background-position":"center center","background-size":"auto","background-attachment":"scroll","background-type":"","background-media":"","overlay-type":"","overlay-color":"","overlay-opacity":"","overlay-gradient":""},"mobile":{"background-color":"var(--ast-global-color-5)","background-image":"","background-repeat":"repeat","background-position":"center center","background-size":"auto","background-attachment":"scroll","background-type":"","background-media":"","overlay-type":"","overlay-color":"","overlay-opacity":"","overlay-gradient":""}},"footnotes":""},"class_list":["post-1619","page","type-page","status-publish","hentry"],"jetpack_sharing_enabled":true,"_links":{"self":[{"href":"https:\/\/azulymenta.com\/en\/wp-json\/wp\/v2\/pages\/1619","targetHints":{"allow":["GET"]}}],"collection":[{"href":"https:\/\/azulymenta.com\/en\/wp-json\/wp\/v2\/pages"}],"about":[{"href":"https:\/\/azulymenta.com\/en\/wp-json\/wp\/v2\/types\/page"}],"author":[{"embeddable":true,"href":"https:\/\/azulymenta.com\/en\/wp-json\/wp\/v2\/users\/1"}],"replies":[{"embeddable":true,"href":"https:\/\/azulymenta.com\/en\/wp-json\/wp\/v2\/comments?post=1619"}],"version-history":[{"count":3,"href":"https:\/\/azulymenta.com\/en\/wp-json\/wp\/v2\/pages\/1619\/revisions"}],"predecessor-version":[{"id":1625,"href":"https:\/\/azulymenta.com\/en\/wp-json\/wp\/v2\/pages\/1619\/revisions\/1625"}],"wp:attachment":[{"href":"https:\/\/azulymenta.com\/en\/wp-json\/wp\/v2\/media?parent=1619"}],"curies":[{"name":"wp","href":"https:\/\/api.w.org\/{rel}","templated":true}]}}