{"id":2837,"date":"2024-11-25T20:33:08","date_gmt":"2024-11-25T19:33:08","guid":{"rendered":"https:\/\/azulymenta.com\/?post_type=product&#038;p=2837"},"modified":"2024-11-27T15:29:38","modified_gmt":"2024-11-27T14:29:38","slug":"unique-personalised-wedding-photo-album","status":"publish","type":"product","link":"https:\/\/azulymenta.com\/en\/producto\/album-fotos-de-boda-personalizado-unico\/","title":{"rendered":"UNIQUE PERSONALISED WEDDING PHOTO ALBUM"},"content":{"rendered":"<p><span style=\"vertical-align: inherit;\"><span style=\"vertical-align: inherit;\">Scrapbooking style photo album with wooden covers, fully personalised, with 14 pages to place photographs of different sizes, and these in turn, contain removable flaps to place more photographs.  The pages are made with colourful wedding decorations, making this a unique and totally personalised album.<\/span><\/span><\/p>\n<p>Order your album for the wedding of your dreams and be able to have a unique and unrepeatable memory of your happiest day.<\/p>","protected":false},"excerpt":{"rendered":"<p>\u00c1lbum de fotos estilo scrapbooking con tapas de madera totalmente personalizado, con 14 p\u00e1ginas para colocar fotograf\u00edas de distintos tama\u00f1os, y \u00e9stas a su vez, contienen solapas extraibles para colocar m\u00e1s fotograf\u00edas.\u00a0 Las p\u00e1ginas estan hechas con decoraciones de bodas a color y hace de \u00e9ste un \u00e1lbum \u00fanico y totalmente personalizado. P\u00eddenos tu \u00e1lbum [&hellip;]<\/p>\n","protected":false},"featured_media":0,"comment_status":"open","ping_status":"closed","template":"","meta":{"site-sidebar-layout":"default","site-content-layout":"","ast-site-content-layout":"default","site-content-style":"default","site-sidebar-style":"default","ast-global-header-display":"","ast-banner-title-visibility":"","ast-main-header-display":"","ast-hfb-above-header-display":"","ast-hfb-below-header-display":"","ast-hfb-mobile-header-display":"","site-post-title":"","ast-breadcrumbs-content":"","ast-featured-img":"","footer-sml-layout":"","ast-disable-related-posts":"","theme-transparent-header-meta":"default","adv-header-id-meta":"","stick-header-meta":"","header-above-stick-meta":"","header-main-stick-meta":"","header-below-stick-meta":"","astra-migrate-meta-layouts":"set","ast-page-background-enabled":"default","ast-page-background-meta":{"desktop":{"background-color":"","background-image":"","background-repeat":"repeat","background-position":"center center","background-size":"auto","background-attachment":"scroll","background-type":"","background-media":"","overlay-type":"","overlay-color":"","overlay-opacity":"","overlay-gradient":""},"tablet":{"background-color":"","background-image":"","background-repeat":"repeat","background-position":"center center","background-size":"auto","background-attachment":"scroll","background-type":"","background-media":"","overlay-type":"","overlay-color":"","overlay-opacity":"","overlay-gradient":""},"mobile":{"background-color":"","background-image":"","background-repeat":"repeat","background-position":"center center","background-size":"auto","background-attachment":"scroll","background-type":"","background-media":"","overlay-type":"","overlay-color":"","overlay-opacity":"","overlay-gradient":""}},"ast-content-background-meta":{"desktop":{"background-color":"var(--ast-global-color-5)","background-image":"","background-repeat":"repeat","background-position":"center center","background-size":"auto","background-attachment":"scroll","background-type":"","background-media":"","overlay-type":"","overlay-color":"","overlay-opacity":"","overlay-gradient":""},"tablet":{"background-color":"var(--ast-global-color-5)","background-image":"","background-repeat":"repeat","background-position":"center center","background-size":"auto","background-attachment":"scroll","background-type":"","background-media":"","overlay-type":"","overlay-color":"","overlay-opacity":"","overlay-gradient":""},"mobile":{"background-color":"var(--ast-global-color-5)","background-image":"","background-repeat":"repeat","background-position":"center center","background-size":"auto","background-attachment":"scroll","background-type":"","background-media":"","overlay-type":"","overlay-color":"","overlay-opacity":"","overlay-gradient":""}}},"product_brand":[],"product_cat":[31,40],"product_tag":[],"class_list":{"0":"post-2837","1":"product","2":"type-product","3":"status-publish","5":"product_cat-productosenmadera","6":"product_cat-bodas","7":"desktop-align-left","8":"tablet-align-left","9":"mobile-align-left","11":"first","12":"instock","13":"taxable","14":"shipping-taxable","15":"product-type-simple"},"jetpack_sharing_enabled":true,"_links":{"self":[{"href":"https:\/\/azulymenta.com\/en\/wp-json\/wp\/v2\/product\/2837","targetHints":{"allow":["GET"]}}],"collection":[{"href":"https:\/\/azulymenta.com\/en\/wp-json\/wp\/v2\/product"}],"about":[{"href":"https:\/\/azulymenta.com\/en\/wp-json\/wp\/v2\/types\/product"}],"replies":[{"embeddable":true,"href":"https:\/\/azulymenta.com\/en\/wp-json\/wp\/v2\/comments?post=2837"}],"version-history":[{"count":1,"href":"https:\/\/azulymenta.com\/en\/wp-json\/wp\/v2\/product\/2837\/revisions"}],"predecessor-version":[{"id":2846,"href":"https:\/\/azulymenta.com\/en\/wp-json\/wp\/v2\/product\/2837\/revisions\/2846"}],"wp:attachment":[{"href":"https:\/\/azulymenta.com\/en\/wp-json\/wp\/v2\/media?parent=2837"}],"wp:term":[{"taxonomy":"product_brand","embeddable":true,"href":"https:\/\/azulymenta.com\/en\/wp-json\/wp\/v2\/product_brand?post=2837"},{"taxonomy":"product_cat","embeddable":true,"href":"https:\/\/azulymenta.com\/en\/wp-json\/wp\/v2\/product_cat?post=2837"},{"taxonomy":"product_tag","embeddable":true,"href":"https:\/\/azulymenta.com\/en\/wp-json\/wp\/v2\/product_tag?post=2837"}],"curies":[{"name":"wp","href":"https:\/\/api.w.org\/{rel}","templated":true}]}}